{"id":5,"date":"2024-03-13T15:05:59","date_gmt":"2024-03-13T14:05:59","guid":{"rendered":"https:\/\/lepicierducbd.fr\/?page_id=5"},"modified":"2024-05-30T21:12:19","modified_gmt":"2024-05-30T19:12:19","slug":"livraison-express-de-cbd","status":"publish","type":"page","link":"https:\/\/lepicierducbd.fr\/","title":{"rendered":"Livraison express de CBD"},"content":{"rendered":"\n<div class=\"wp-block-columns is-layout-flex wp-container-core-columns-layout-1 wp-block-columns-is-layout-flex\">\n<div class=\"wp-block-column is-layout-flow wp-block-column-is-layout-flow\"><div class=\"wp-block-image\">\n<figure class=\"aligncenter size-full is-resized\"><img loading=\"lazy\" decoding=\"async\" width=\"900\" height=\"900\" src=\"https:\/\/lepicierducbd.fr\/wp-content\/uploads\/2024\/03\/livraison-rapide-de-CBD.png\" alt=\"\" class=\"wp-image-43\" style=\"width:260px\" srcset=\"https:\/\/lepicierducbd.fr\/wp-content\/uploads\/2024\/03\/livraison-rapide-de-CBD.png 900w, https:\/\/lepicierducbd.fr\/wp-content\/uploads\/2024\/03\/livraison-rapide-de-CBD-300x300.png 300w, https:\/\/lepicierducbd.fr\/wp-content\/uploads\/2024\/03\/livraison-rapide-de-CBD-150x150.png 150w, https:\/\/lepicierducbd.fr\/wp-content\/uploads\/2024\/03\/livraison-rapide-de-CBD-768x768.png 768w, https:\/\/lepicierducbd.fr\/wp-content\/uploads\/2024\/03\/livraison-rapide-de-CBD-600x600.png 600w\" sizes=\"(max-width: 900px) 100vw, 900px\" \/><\/figure><\/div>\n\n\n<h3 class=\"wp-block-heading has-text-align-center\">Livraison rapide de CBD \u00e0 domicile<\/h3>\n<\/div>\n\n\n\n<div class=\"wp-block-column is-layout-flow wp-block-column-is-layout-flow\"><div class=\"wp-block-image\">\n<figure class=\"aligncenter size-full is-resized\"><img loading=\"lazy\" decoding=\"async\" width=\"900\" height=\"900\" src=\"https:\/\/lepicierducbd.fr\/wp-content\/uploads\/2024\/03\/fleur-de-cbd-premium.png\" alt=\"\" class=\"wp-image-44\" style=\"width:260px\" srcset=\"https:\/\/lepicierducbd.fr\/wp-content\/uploads\/2024\/03\/fleur-de-cbd-premium.png 900w, https:\/\/lepicierducbd.fr\/wp-content\/uploads\/2024\/03\/fleur-de-cbd-premium-300x300.png 300w, https:\/\/lepicierducbd.fr\/wp-content\/uploads\/2024\/03\/fleur-de-cbd-premium-150x150.png 150w, https:\/\/lepicierducbd.fr\/wp-content\/uploads\/2024\/03\/fleur-de-cbd-premium-768x768.png 768w, https:\/\/lepicierducbd.fr\/wp-content\/uploads\/2024\/03\/fleur-de-cbd-premium-600x600.png 600w\" sizes=\"(max-width: 900px) 100vw, 900px\" \/><\/figure><\/div>\n\n\n<h3 class=\"wp-block-heading has-text-align-center\">Infusion CBD de qualit\u00e9 premium<\/h3>\n<\/div>\n\n\n\n<div class=\"wp-block-column is-layout-flow wp-block-column-is-layout-flow\"><div class=\"wp-block-image\">\n<figure class=\"aligncenter size-full is-resized\"><img loading=\"lazy\" decoding=\"async\" width=\"900\" height=\"900\" src=\"https:\/\/lepicierducbd.fr\/wp-content\/uploads\/2024\/03\/CBD-epicerie.png\" alt=\"\" class=\"wp-image-45\" style=\"width:260px\" srcset=\"https:\/\/lepicierducbd.fr\/wp-content\/uploads\/2024\/03\/CBD-epicerie.png 900w, https:\/\/lepicierducbd.fr\/wp-content\/uploads\/2024\/03\/CBD-epicerie-300x300.png 300w, https:\/\/lepicierducbd.fr\/wp-content\/uploads\/2024\/03\/CBD-epicerie-150x150.png 150w, https:\/\/lepicierducbd.fr\/wp-content\/uploads\/2024\/03\/CBD-epicerie-768x768.png 768w, https:\/\/lepicierducbd.fr\/wp-content\/uploads\/2024\/03\/CBD-epicerie-600x600.png 600w\" sizes=\"(max-width: 900px) 100vw, 900px\" \/><\/figure><\/div>\n\n\n<h3 class=\"wp-block-heading has-text-align-center\">Autres produits \u00e0 base de CBD (huiles, caf\u00e9&#8230;)<\/h3>\n<\/div>\n<\/div>\n\n\n\n<div style=\"height:35px\" aria-hidden=\"true\" class=\"wp-block-spacer\"><\/div>\n\n\n\n<div class=\"wp-block-buttons is-content-justification-center is-layout-flex wp-container-core-buttons-layout-1 wp-block-buttons-is-layout-flex\">\n<div class=\"wp-block-button has-custom-font-size has-medium-font-size\"><a class=\"wp-block-button__link has-text-color has-background has-link-color wp-element-button\" style=\"color:#fae332;background-color:#255400\"><strong>Je souhaite me faire livrer \u00e0 domicile<\/strong><\/a><\/div>\n<\/div>\n\n\n\n<div style=\"height:45px\" aria-hidden=\"true\" class=\"wp-block-spacer\"><\/div>\n\n\n\n<div class=\"wp-block-cover alignfull has-custom-content-position is-position-top-left\" style=\"margin-top:0;padding-top:5vw;padding-right:5vw;padding-bottom:5vw;padding-left:5vw;min-height:50vh\"><span aria-hidden=\"true\" class=\"wp-block-cover__background has-background-dim-70 has-background-dim\" style=\"background-color:#255400\"><\/span><img loading=\"lazy\" decoding=\"async\" width=\"1170\" height=\"607\" class=\"wp-block-cover__image-background wp-image-31\" alt=\"\" src=\"https:\/\/lepicierducbd.fr\/wp-content\/uploads\/2024\/03\/cbd-livraison-express.jpg\" data-object-fit=\"cover\" srcset=\"https:\/\/lepicierducbd.fr\/wp-content\/uploads\/2024\/03\/cbd-livraison-express.jpg 1170w, https:\/\/lepicierducbd.fr\/wp-content\/uploads\/2024\/03\/cbd-livraison-express-300x156.jpg 300w, https:\/\/lepicierducbd.fr\/wp-content\/uploads\/2024\/03\/cbd-livraison-express-1024x531.jpg 1024w, https:\/\/lepicierducbd.fr\/wp-content\/uploads\/2024\/03\/cbd-livraison-express-768x398.jpg 768w\" sizes=\"(max-width: 1170px) 100vw, 1170px\" \/><div class=\"wp-block-cover__inner-container is-layout-flow wp-block-cover-is-layout-flow\">\n<div class=\"wp-block-group wp-container-content-1 is-vertical is-nowrap is-layout-flex wp-container-core-group-layout-1 wp-block-group-is-layout-flex\">\n<h3 class=\"wp-block-heading has-text-align-left has-white-color has-text-color\" style=\"font-size:55px\">CBD de qualit\u00e9 sup\u00e9rieure<\/h3>\n\n\n\n<p class=\"has-white-color has-text-color has-link-color wp-elements-7b8b132cd6b9588684a14215d2dd99d8\" style=\"font-size:22px\">L&#8217;\u00e9picier du CBD propose divers produits \u00e0 base de <strong>CBD<\/strong>: Miel, Sirop; Huiles, Infusions, Caf\u00e9, Savon&#8230; Ces produits sont b\u00e9n\u00e9fiques sous plusieurs aspect (soulage la douleur, diminution du stress et de l&#8217;anxi\u00e9t\u00e9, optimisation du sommeil, aide \u00e0 la r\u00e9cup\u00e9ration&#8230;) <\/p>\n\n\n\n<p>CCc<\/p>\n<\/div>\n<\/div><\/div>\n\n\n\n<div style=\"height:45px\" aria-hidden=\"true\" class=\"wp-block-spacer\"><\/div>\n\n\n\n<div class=\"wp-block-columns is-layout-flex wp-container-core-columns-layout-2 wp-block-columns-is-layout-flex\">\n<div class=\"wp-block-column is-layout-flow wp-block-column-is-layout-flow\" style=\"flex-basis:33.33%\"><div class=\"wp-block-image\">\n<figure class=\"aligncenter size-full is-resized\"><img loading=\"lazy\" decoding=\"async\" width=\"800\" height=\"800\" src=\"https:\/\/lepicierducbd.fr\/wp-content\/uploads\/2024\/03\/fleur-de-cbd-premium-livraison-rapide.png\" alt=\"\" class=\"wp-image-38\" style=\"width:263px;height:auto\" srcset=\"https:\/\/lepicierducbd.fr\/wp-content\/uploads\/2024\/03\/fleur-de-cbd-premium-livraison-rapide.png 800w, https:\/\/lepicierducbd.fr\/wp-content\/uploads\/2024\/03\/fleur-de-cbd-premium-livraison-rapide-300x300.png 300w, https:\/\/lepicierducbd.fr\/wp-content\/uploads\/2024\/03\/fleur-de-cbd-premium-livraison-rapide-150x150.png 150w, https:\/\/lepicierducbd.fr\/wp-content\/uploads\/2024\/03\/fleur-de-cbd-premium-livraison-rapide-768x768.png 768w, https:\/\/lepicierducbd.fr\/wp-content\/uploads\/2024\/03\/fleur-de-cbd-premium-livraison-rapide-600x600.png 600w\" sizes=\"(max-width: 800px) 100vw, 800px\" \/><\/figure><\/div><\/div>\n\n\n\n<div class=\"wp-block-column is-layout-flow wp-block-column-is-layout-flow\" style=\"flex-basis:66.66%\">\n<h2 class=\"wp-block-heading\">Livraison rapide de fleurs de CBD <\/h2>\n\n\n\n<p class=\"has-medium-font-size\">La popularit\u00e9 du CBD, ou cannabidiol, ne cesse de cro\u00eetre, et avec elle, les diff\u00e9rentes fa\u00e7ons de consommer cette mol\u00e9cule bienfaisante. L&#8217;une des formes les plus pris\u00e9es de CBD est la fleur de cannabis, appr\u00e9ci\u00e9e pour ses multiples bienfaits et ses divers modes de consommation. Par infusion, inhalation ou cuisin\u00e9e, la fleur de CBD se d\u00e9cline sous diff\u00e9rents ar\u00f4mes.<\/p>\n<\/div>\n<\/div>\n","protected":false},"excerpt":{"rendered":"<p>Livraison rapide de CBD \u00e0 domicile Infusion CBD de qualit\u00e9 premium Autres produits \u00e0 base de CBD (huiles, caf\u00e9&#8230;) Livraison rapide de fleurs de CBD La popularit\u00e9 du CBD, ou cannabidiol, ne cesse de cro\u00eetre, et avec elle, les diff\u00e9rentes fa\u00e7ons de consommer cette mol\u00e9cule bienfaisante. L&#8217;une des formes les plus pris\u00e9es de CBD est [&hellip;]<\/p>\n","protected":false},"author":1,"featured_media":0,"parent":0,"menu_order":0,"comment_status":"closed","ping_status":"closed","template":"","meta":{"footnotes":""},"_links":{"self":[{"href":"https:\/\/lepicierducbd.fr\/index.php\/wp-json\/wp\/v2\/pages\/5"}],"collection":[{"href":"https:\/\/lepicierducbd.fr\/index.php\/wp-json\/wp\/v2\/pages"}],"about":[{"href":"https:\/\/lepicierducbd.fr\/index.php\/wp-json\/wp\/v2\/types\/page"}],"author":[{"embeddable":true,"href":"https:\/\/lepicierducbd.fr\/index.php\/wp-json\/wp\/v2\/users\/1"}],"replies":[{"embeddable":true,"href":"https:\/\/lepicierducbd.fr\/index.php\/wp-json\/wp\/v2\/comments?post=5"}],"version-history":[{"count":26,"href":"https:\/\/lepicierducbd.fr\/index.php\/wp-json\/wp\/v2\/pages\/5\/revisions"}],"predecessor-version":[{"id":88,"href":"https:\/\/lepicierducbd.fr\/index.php\/wp-json\/wp\/v2\/pages\/5\/revisions\/88"}],"wp:attachment":[{"href":"https:\/\/lepicierducbd.fr\/index.php\/wp-json\/wp\/v2\/media?parent=5"}],"curies":[{"name":"wp","href":"https:\/\/api.w.org\/{rel}","templated":true}]}}